{"id":795,"date":"2023-01-16T00:05:50","date_gmt":"2023-01-15T23:05:50","guid":{"rendered":"https:\/\/vinqula.de\/DE\/?page_id=795"},"modified":"2025-09-30T14:37:25","modified_gmt":"2025-09-30T12:37:25","slug":"jobs","status":"publish","type":"page","link":"https:\/\/vinqula.de\/DE\/jobs\/","title":{"rendered":"Jobs"},"content":{"rendered":"<p>[et_pb_section fb_built=&#8221;1&#8243; _builder_version=&#8221;4.19.4&#8243; _module_preset=&#8221;default&#8221; global_colors_info=&#8221;{}&#8221;][et_pb_row _builder_version=&#8221;4.19.4&#8243; _module_preset=&#8221;default&#8221; custom_padding=&#8221;4px||4px|||&#8221; global_colors_info=&#8221;{}&#8221;][et_pb_column type=&#8221;4_4&#8243; _builder_version=&#8221;4.19.4&#8243; _module_preset=&#8221;default&#8221; global_colors_info=&#8221;{}&#8221;][et_pb_text _builder_version=&#8221;4.19.4&#8243; _module_preset=&#8221;default&#8221; header_4_font_size=&#8221;17px&#8221; custom_padding=&#8221;|20%|||false|false&#8221; custom_padding_tablet=&#8221;|0%|||false|false&#8221; custom_padding_phone=&#8221;|0%|||false|false&#8221; custom_padding_last_edited=&#8221;on|desktop&#8221; global_colors_info=&#8221;{}&#8221;]<\/p>\n<h1>Jobs<\/h1>\n<p>[\/et_pb_text][\/et_pb_column][\/et_pb_row][et_pb_row column_structure=&#8221;2_5,3_5&#8243; _builder_version=&#8221;4.19.4&#8243; _module_preset=&#8221;default&#8221; custom_padding=&#8221;5px|||||&#8221; global_colors_info=&#8221;{}&#8221;][et_pb_column type=&#8221;2_5&#8243; _builder_version=&#8221;4.19.4&#8243; _module_preset=&#8221;default&#8221; global_colors_info=&#8221;{}&#8221;][et_pb_image src=&#8221;https:\/\/vinqula.de\/DE\/wp-content\/uploads\/2023\/01\/jobs.jpg&#8221; title_text=&#8221;jobs&#8221; align=&#8221;center&#8221; force_fullwidth=&#8221;on&#8221; _builder_version=&#8221;4.19.4&#8243; _module_preset=&#8221;default&#8221; global_colors_info=&#8221;{}&#8221;][\/et_pb_image][\/et_pb_column][et_pb_column type=&#8221;3_5&#8243; _builder_version=&#8221;4.19.4&#8243; _module_preset=&#8221;default&#8221; global_colors_info=&#8221;{}&#8221;][et_pb_text _builder_version=&#8221;4.24.0&#8243; _module_preset=&#8221;default&#8221; header_2_font_size=&#8221;32px&#8221; custom_padding=&#8221;|20%|||false|false&#8221; custom_padding_tablet=&#8221;|0%|||false|false&#8221; custom_padding_phone=&#8221;|0%|||false|false&#8221; custom_padding_last_edited=&#8221;on|desktop&#8221; global_colors_info=&#8221;{}&#8221;]<\/p>\n<h2><strong>Wir suchen dich<\/strong><\/h2>\n<p>[\/et_pb_text][et_pb_text _builder_version=&#8221;4.24.0&#8243; _module_preset=&#8221;default&#8221; custom_margin=&#8221;-15px||||false|false&#8221; custom_padding=&#8221;0px|20%|||false|false&#8221; custom_padding_tablet=&#8221;|0%|||false|false&#8221; custom_padding_phone=&#8221;|0%|||false|false&#8221; custom_padding_last_edited=&#8221;on|desktop&#8221; global_colors_info=&#8221;{}&#8221;]<\/p>\n<p class=\"p1\">Buscamos refuerzos para seguir construyendo espacios multiculturales. Ya sea como responsable de taller o como ayudante puedes unirte a nuestro equipo en diversas actividades como workshops de ciencias, m\u00fasica y literatura as\u00ed como eventos culturales para familias.<\/p>\n<p class=\"p1\">Si te gustan nuestras actividades y el espa\u00f1ol es uno de los idiomas que hablas \u00a1Escr\u00edbenos!<b><\/b><\/p>\n<p class=\"p1\"><strong><span class=\"s1\">Puesto 1: <\/span>Responsable de taller<\/strong><br \/>Disponibilidad m\u00ednima: 2 d\u00edas a la semana a partir de 14:30 o s\u00e1bados<br \/>Ingl\u00e9s avanzado, alem\u00e1n intermedio<br \/>Inter\u00e9s en literatura, ciencias y\/o historia<b><\/b><\/p>\n<p><strong>Puesto 2: <span class=\"s2\">Ayudante<\/span><\/strong><br \/>Disponibilidad m\u00ednima: 2 d\u00edas a la semana o s\u00e1bados<br \/>Ingl\u00e9s b\u00e1sico<\/p>\n<p class=\"p1\">Env\u00edanos tu CV y carta de motivaci\u00f3n a <span style=\"color: #0396a6;\"><a href=\"mailto:info@vinqula.de\" target=\"_blank\" rel=\"noopener\" style=\"color: #0396a6;\">info@vinqula.de<\/a><\/span><\/p>\n<p style=\"text-align: left;\"><span class=\"Y2IQFc\" lang=\"de\">Senden Sie uns Ihren Lebenslauf, Ihre zeitliche Verf\u00fcgbarkeit und Ihr Motivationsschreiben an<\/span>:<span style=\"color: #0396a6;\"> <a href=\"mailto:info@vinqula.de\" target=\"_blank\" rel=\"noopener\" style=\"color: #0396a6;\">info@vinqula.de<\/a><\/span><span style=\"color: #0396a6;\"><br clear=\"all\" \/><\/span><\/p>\n<p>[\/et_pb_text][\/et_pb_column][\/et_pb_row][\/et_pb_section]<\/p>\n","protected":false},"excerpt":{"rendered":"<p>JobsWir suchen dichBuscamos refuerzos para seguir construyendo espacios multiculturales. Ya sea como responsable de taller o como ayudante puedes unirte a nuestro equipo en diversas actividades como workshops de ciencias, m\u00fasica y literatura as\u00ed como eventos culturales para familias. Si te gustan nuestras actividades y el espa\u00f1ol es uno de los idiomas que hablas \u00a1Escr\u00edbenos! [&hellip;]<\/p>\n","protected":false},"author":2,"featured_media":0,"parent":0,"menu_order":0,"comment_status":"closed","ping_status":"closed","template":"","meta":{"_et_pb_use_builder":"on","_et_pb_old_content":"","_et_gb_content_width":"","inline_featured_image":false,"footnotes":""},"class_list":["post-795","page","type-page","status-publish","hentry"],"_links":{"self":[{"href":"https:\/\/vinqula.de\/DE\/wp-json\/wp\/v2\/pages\/795","targetHints":{"allow":["GET"]}}],"collection":[{"href":"https:\/\/vinqula.de\/DE\/wp-json\/wp\/v2\/pages"}],"about":[{"href":"https:\/\/vinqula.de\/DE\/wp-json\/wp\/v2\/types\/page"}],"author":[{"embeddable":true,"href":"https:\/\/vinqula.de\/DE\/wp-json\/wp\/v2\/users\/2"}],"replies":[{"embeddable":true,"href":"https:\/\/vinqula.de\/DE\/wp-json\/wp\/v2\/comments?post=795"}],"version-history":[{"count":8,"href":"https:\/\/vinqula.de\/DE\/wp-json\/wp\/v2\/pages\/795\/revisions"}],"predecessor-version":[{"id":1543,"href":"https:\/\/vinqula.de\/DE\/wp-json\/wp\/v2\/pages\/795\/revisions\/1543"}],"wp:attachment":[{"href":"https:\/\/vinqula.de\/DE\/wp-json\/wp\/v2\/media?parent=795"}],"curies":[{"name":"wp","href":"https:\/\/api.w.org\/{rel}","templated":true}]}}